{"id":261,"date":"2014-09-03T11:52:57","date_gmt":"2014-09-03T09:52:57","guid":{"rendered":"https:\/\/wbv-trebel.wbv-mv.de\/?page_id=261"},"modified":"2025-11-28T09:05:45","modified_gmt":"2025-11-28T07:05:45","slug":"allgemeines","status":"publish","type":"page","link":"https:\/\/wbv-trebel.wbv-mv.de\/?page_id=261","title":{"rendered":"Allgemeines"},"content":{"rendered":"<p>Die Gesch\u00e4ftsstelle befindet sich in der Bahnhofstra\u00dfe 47 (\u00fcber der Sparkasse).<\/p>\n<p>Der Verband ist ein auf der Grundlage des \u00a7 1 des Gesetzes \u00fcber die Bildung\u00a0 von Gew\u00e4sserunterhaltungsverb\u00e4nden (GUVG vom 4. August 1992, GVOBl. M-V 1992, S. 458, zuletzt ge\u00e4ndert durch Gesetz vom 26. November 2015, GVOBl. M-V S. 474) gegr\u00fcndeter Wasser- und Bodenverband im Sinne des Wasserverbandsgesetzes (WVG vom 12. Februar1991, BGBl. I S. 405, zuletzt ge\u00e4ndert durch das Erste Gesetz zur \u00c4nderung des Wasserverbandsgesetz vom 15. Mai 2002, BGBl. I S. 1578). Der Verband ist eine K\u00f6rperschaft des \u00f6ffentlichen Rechts. Er verwaltet sich im Rahmen der Gesetze selbst.<\/p>\n<p><strong>Vorstand:<\/strong><\/p>\n<p>Herr Dr. Ulf Schnepper &#8211; Verbandsvorsteher (Schaubezirk 7)<\/p>\n<p>Herr Johann von Schack &#8211; 1. stellv. Verbandsvorsteher (Schaubezirk 6)<\/p>\n<p>Herr Burkhard Niedermeyer &#8211; 2. stellv. Verbandsvorsteher (Schaubezirk 4)<\/p>\n<p>Frau Heike H\u00fcbner (Schaubezirk 1)<\/p>\n<p>Herr Volker Ruthenberg (Schaubezirk 2)<\/p>\n<p>Herr Christian Mielke (Schaubezirk 3)<\/p>\n<p>Herr Uwe T\u00f6llner (Schaubezirk 5)<\/p>\n<hr \/>\n<hr \/>\n<p><strong>Mitarbeiter der Gesch\u00e4ftsstelle:<\/strong><\/p>\n<p>Frau Dr. Carola B\u00f6nsch &#8211; Gesch\u00e4ftsf\u00fchrerin<\/p>\n<p>Frau Mareen Sch\u00fctt &#8211; Sachbearbeiterin Buchhaltung und Assistenz der Gesch\u00e4ftsf\u00fchrung<\/p>\n<p>Herr Toni Fr\u00f6hlian &#8211; Techniker<\/p>\n<p>Frau Dipl.-Ing. (FH) Katrin Steffan &#8211; Sachbearbeiterin Gew\u00e4ssermanagement und Gew\u00e4sserentwicklung<\/p>\n","protected":false},"excerpt":{"rendered":"<p>Die Gesch\u00e4ftsstelle befindet sich in der Bahnhofstra\u00dfe 47 (\u00fcber der Sparkasse). Der Verband ist ein auf der Grundlage des \u00a7 1 des Gesetzes \u00fcber die Bildung\u00a0 von Gew\u00e4sserunterhaltungsverb\u00e4nden (GUVG vom 4. August 1992, GVOBl. M-V 1992, S. 458, zuletzt ge\u00e4ndert durch Gesetz vom 26. November 2015, GVOBl. M-V S. 474) gegr\u00fcndeter Wasser- und Bodenverband im [&hellip;]<\/p>\n","protected":false},"author":2,"featured_media":0,"parent":0,"menu_order":0,"comment_status":"open","ping_status":"open","template":"","meta":{"footnotes":""},"class_list":["post-261","page","type-page","status-publish","czr-hentry"],"_links":{"self":[{"href":"https:\/\/wbv-trebel.wbv-mv.de\/index.php?rest_route=\/wp\/v2\/pages\/261","targetHints":{"allow":["GET"]}}],"collection":[{"href":"https:\/\/wbv-trebel.wbv-mv.de\/index.php?rest_route=\/wp\/v2\/pages"}],"about":[{"href":"https:\/\/wbv-trebel.wbv-mv.de\/index.php?rest_route=\/wp\/v2\/types\/page"}],"author":[{"embeddable":true,"href":"https:\/\/wbv-trebel.wbv-mv.de\/index.php?rest_route=\/wp\/v2\/users\/2"}],"replies":[{"embeddable":true,"href":"https:\/\/wbv-trebel.wbv-mv.de\/index.php?rest_route=%2Fwp%2Fv2%2Fcomments&post=261"}],"version-history":[{"count":26,"href":"https:\/\/wbv-trebel.wbv-mv.de\/index.php?rest_route=\/wp\/v2\/pages\/261\/revisions"}],"predecessor-version":[{"id":1485,"href":"https:\/\/wbv-trebel.wbv-mv.de\/index.php?rest_route=\/wp\/v2\/pages\/261\/revisions\/1485"}],"wp:attachment":[{"href":"https:\/\/wbv-trebel.wbv-mv.de\/index.php?rest_route=%2Fwp%2Fv2%2Fmedia&parent=261"}],"curies":[{"name":"wp","href":"https:\/\/api.w.org\/{rel}","templated":true}]}}