{"id":45,"date":"2014-06-20T11:58:26","date_gmt":"2014-06-20T09:58:26","guid":{"rendered":"https:\/\/wbv-trebel.wbv-mv.de\/?page_id=45"},"modified":"2026-01-14T13:52:40","modified_gmt":"2026-01-14T11:52:40","slug":"kontakt-und-anfahrt","status":"publish","type":"page","link":"https:\/\/wbv-trebel.wbv-mv.de\/?page_id=45","title":{"rendered":"Kontakt und Anfahrt"},"content":{"rendered":"<div id=\"lmm_f6ebf6fe\" style=\"width:640px;\" class=\"mapsmarker markermap marker-1\">\n<div id=\"lmm_panel_f6ebf6fe\" class=\"lmm-panel\" style=\"background:#efefef;\">\n<div id=\"lmm_panel_api_f6ebf6fe\" class=\"lmm-panel-api\"><a href=\"https:\/\/maps.google.com\/maps?daddr=Bahnhofstra%C3%9Fe+47+18507+Grimmen+Mecklenburg-Vorpommern%2C+Deutschland&amp;t=m&amp;layer=1&amp;doflg=ptk&amp;om=0\" target=\"_blank\" title=\"Wegbeschreibung berechnen\"><img loading=\"lazy\" decoding=\"async\" alt=\"icon-car.png\" src=\"https:\/\/wbv-trebel.wbv-mv.de\/wp-content\/plugins\/leaflet-maps-marker\/inc\/img\/icon-car.png\" width=\"14\" height=\"14\" class=\"lmm-panel-api-images\" \/><\/a><\/div><div id=\"lmm_panel_text_f6ebf6fe\" class=\"lmm-panel-text\" style=\"font-weight:bold;color:#373737;\">Verbandssitz WBV 'Trebel', Grimmen<\/div><\/div>\n<div id=\"lmm_map_f6ebf6fe\" class=\"lmm-map\" style=\"background:#f6f6f6;border:1px solid #ccc;height:480px; overflow:hidden;padding:0;\"><p style=\"font-size:80%;color:#9f9e9e;margin-left:5px;\">Karte wird geladen - bitte warten...<noscript><br\/><strong>Karte konnte nicht geladen werden - bitte aktivieren Sie Javascript!<\/strong><br\/><a style=\"text-decoration:none;\" href=\"https:\/\/www.mapsmarker.com\/js-disabled\" target=\"_blank\">&rarr; Weitere Informationen<\/a><\/noscript><\/p><\/div>\n<div id=\"lmm_geo_tags_f6ebf6fe\" class=\"lmm-geo-tags geo\">\n<span class=\"paneltext\">Verbandssitz WBV \\'Trebel\\', Grimmen<\/span>\n<span class=\"latitude\">54.111745<\/span>, <span class=\"longitude\">13.038111<\/span>\n<span class=\"popuptext\">Wasser- und Bodenverband\r\nTrebel<\/span>\n<\/div>\n<\/div>\n<p><em><strong><span style=\"color: #ff0000;\">Achtung: neue Adresse!<\/span><\/strong><\/em><\/p>\n<p><strong>Wasser- und Bodenverband &#8222;Trebel&#8220;<\/strong><\/p>\n<p><strong>&#8211; K\u00f6rperschaft des \u00f6ffentlichen Rechts- <\/strong><\/p>\n<p><strong><span style=\"color: #ff0000;\">Bahnhofstra\u00dfe 47<\/span>, <\/strong><\/p>\n<p><strong>18507 Grimmen<\/strong><\/p>\n<p><strong>Tel.:<\/strong> +49 (0)38326-6532-0<\/p>\n<ul>\n<li>Gesch\u00e4ftsf\u00fchrerin: 0171 4626094<\/li>\n<li>Techniker: 0171 2100559<\/li>\n<\/ul>\n<p><strong>Fax:<\/strong> +49 (0)38326-6532-9<\/p>\n<p><strong>E-Mail:<\/strong> wbv-trebel@wbv-mv.de<\/p>\n<p><strong>Leitweg-ID: <\/strong>13-SWBVTREBE000-09<\/p>\n","protected":false},"excerpt":{"rendered":"<p>Achtung: neue Adresse! Wasser- und Bodenverband &#8222;Trebel&#8220; &#8211; K\u00f6rperschaft des \u00f6ffentlichen Rechts- Bahnhofstra\u00dfe 47, 18507 Grimmen Tel.: +49 (0)38326-6532-0 Gesch\u00e4ftsf\u00fchrerin: 0171 4626094 Techniker: 0171 2100559 Fax: +49 (0)38326-6532-9 E-Mail: wbv-trebel@wbv-mv.de Leitweg-ID: 13-SWBVTREBE000-09<\/p>\n","protected":false},"author":1,"featured_media":168,"parent":0,"menu_order":0,"comment_status":"open","ping_status":"open","template":"","meta":{"footnotes":""},"class_list":["post-45","page","type-page","status-publish","has-post-thumbnail","czr-hentry"],"_links":{"self":[{"href":"https:\/\/wbv-trebel.wbv-mv.de\/index.php?rest_route=\/wp\/v2\/pages\/45","targetHints":{"allow":["GET"]}}],"collection":[{"href":"https:\/\/wbv-trebel.wbv-mv.de\/index.php?rest_route=\/wp\/v2\/pages"}],"about":[{"href":"https:\/\/wbv-trebel.wbv-mv.de\/index.php?rest_route=\/wp\/v2\/types\/page"}],"author":[{"embeddable":true,"href":"https:\/\/wbv-trebel.wbv-mv.de\/index.php?rest_route=\/wp\/v2\/users\/1"}],"replies":[{"embeddable":true,"href":"https:\/\/wbv-trebel.wbv-mv.de\/index.php?rest_route=%2Fwp%2Fv2%2Fcomments&post=45"}],"version-history":[{"count":28,"href":"https:\/\/wbv-trebel.wbv-mv.de\/index.php?rest_route=\/wp\/v2\/pages\/45\/revisions"}],"predecessor-version":[{"id":1488,"href":"https:\/\/wbv-trebel.wbv-mv.de\/index.php?rest_route=\/wp\/v2\/pages\/45\/revisions\/1488"}],"wp:featuredmedia":[{"embeddable":true,"href":"https:\/\/wbv-trebel.wbv-mv.de\/index.php?rest_route=\/wp\/v2\/media\/168"}],"wp:attachment":[{"href":"https:\/\/wbv-trebel.wbv-mv.de\/index.php?rest_route=%2Fwp%2Fv2%2Fmedia&parent=45"}],"curies":[{"name":"wp","href":"https:\/\/api.w.org\/{rel}","templated":true}]}}