{"id":632,"date":"2018-02-06T11:56:48","date_gmt":"2018-02-06T09:56:48","guid":{"rendered":"https:\/\/wbv-trebel.wbv-mv.de\/?page_id=632"},"modified":"2026-02-03T12:14:42","modified_gmt":"2026-02-03T10:14:42","slug":"mitgliedsgemeinden","status":"publish","type":"page","link":"https:\/\/wbv-trebel.wbv-mv.de\/?page_id=632","title":{"rendered":"Mitgliedsgemeinden"},"content":{"rendered":"\n<p><\/p>\n\n\n\n<p><\/p>\n\n\n<p><a href=\"https:\/\/wbv-trebel.wbv-mv.de\/wp-content\/uploads\/2018\/02\/IMG_1422.jpg\"><img loading=\"lazy\" decoding=\"async\" class=\"alignleft wp-image-639 size-medium\" src=\"https:\/\/wbv-trebel.wbv-mv.de\/wp-content\/uploads\/2018\/02\/IMG_1422-300x225.jpg\" alt=\"\" width=\"300\" height=\"225\" srcset=\"https:\/\/wbv-trebel.wbv-mv.de\/wp-content\/uploads\/2018\/02\/IMG_1422-300x225.jpg 300w, https:\/\/wbv-trebel.wbv-mv.de\/wp-content\/uploads\/2018\/02\/IMG_1422-768x576.jpg 768w, https:\/\/wbv-trebel.wbv-mv.de\/wp-content\/uploads\/2018\/02\/IMG_1422-1024x768.jpg 1024w\" sizes=\"auto, (max-width: 300px) 100vw, 300px\" \/><\/a>Mitgliedsgemeinden mit Gew\u00e4sserl\u00e4ngen (Stand 28.06.2024) <a href=\"https:\/\/wbv-trebel.wbv-mv.de\/wp-content\/uploads\/2025\/02\/Gemeindeuebersicht.pdf\">Mitgliedsgemeinden mit Gew\u00e4sserl\u00e4ngen<\/a><\/p>\n<p>Mitgliedsgemeinden mit Gew\u00e4sserl\u00e4ngen (Stand 29.06.2023) <a href=\"https:\/\/wbv-trebel.wbv-mv.de\/wp-content\/uploads\/2024\/01\/Mitgliedsgemeinden-mit-Gewaesserlaengen-2.pdf\">Mitgliedsgemeinden mit Gew\u00e4sserl\u00e4ngen<\/a><\/p>\n<p>Mitgliedsgemeinden, Gemarkungen, Flure, Flurst\u00fccke in qm (Stand 27.06.2025) <a href=\"https:\/\/wbv-trebel.wbv-mv.de\/wp-content\/uploads\/2026\/02\/alle-Flst-Verband-15-1.pdf\">Fl\u00e4chen gesamt<\/a><\/p>\n<p>Mitgliedsgemeinden, Gemarkungen, Flure, Flurst\u00fccke in qm (Stand 28.06.2024) <a href=\"https:\/\/wbv-trebel.wbv-mv.de\/wp-content\/uploads\/2025\/02\/Flaechen-gesamt.pdf\">Fl\u00e4chen gesamt<\/a><\/p>\n<p>Mitgliedsgemeinden, Gemarkungen, Flure, Flurst\u00fccke in qm (Stand 29.06.2023) <a href=\"https:\/\/wbv-trebel.wbv-mv.de\/wp-content\/uploads\/2025\/02\/Uebersicht-Gemeinde-Gemarkung-Flur-Flurstueck-4.pdf\">Fl\u00e4chen gesamt<\/a><\/p>\n<p>Mitgliedsgemeinden, Gemarkungen, Flure, Flurst\u00fccke in qm (Stand 29.06.2022) <a href=\"https:\/\/wbv-trebel.wbv-mv.de\/wp-content\/uploads\/2023\/01\/Flaechen-fuer-Homepage.pdf\">Fl\u00e4chen\u00a0 gesamt<\/a><\/p>\n\n\n<p><\/p>\n\n\n\n<p><\/p>\n\n\n\n<div class=\"wp-block-file\"><a id=\"wp-block-file--media-3ec9baeb-7d3f-4173-872e-b5897200e43f\" href=\"https:\/\/wbv-trebel.wbv-mv.de\/wp-content\/uploads\/2022\/05\/Information-WBV-Geowebdienst.pdf\">Information WBV-Geowebdienst<\/a><\/div>\n\n\n\n<p><\/p>\n","protected":false},"excerpt":{"rendered":"<p>Mitgliedsgemeinden mit Gew\u00e4sserl\u00e4ngen (Stand 28.06.2024) Mitgliedsgemeinden mit Gew\u00e4sserl\u00e4ngen Mitgliedsgemeinden mit Gew\u00e4sserl\u00e4ngen (Stand 29.06.2023) Mitgliedsgemeinden mit Gew\u00e4sserl\u00e4ngen Mitgliedsgemeinden, Gemarkungen, Flure, Flurst\u00fccke in qm (Stand 27.06.2025) Fl\u00e4chen gesamt Mitgliedsgemeinden, Gemarkungen, Flure, Flurst\u00fccke in qm (Stand 28.06.2024) Fl\u00e4chen gesamt Mitgliedsgemeinden, Gemarkungen, Flure, Flurst\u00fccke in qm (Stand 29.06.2023) Fl\u00e4chen gesamt Mitgliedsgemeinden, Gemarkungen, Flure, Flurst\u00fccke in qm (Stand 29.06.2022) Fl\u00e4chen\u00a0 [&hellip;]<\/p>\n","protected":false},"author":2,"featured_media":0,"parent":0,"menu_order":0,"comment_status":"closed","ping_status":"closed","template":"","meta":{"footnotes":""},"class_list":["post-632","page","type-page","status-publish","czr-hentry"],"_links":{"self":[{"href":"https:\/\/wbv-trebel.wbv-mv.de\/index.php?rest_route=\/wp\/v2\/pages\/632","targetHints":{"allow":["GET"]}}],"collection":[{"href":"https:\/\/wbv-trebel.wbv-mv.de\/index.php?rest_route=\/wp\/v2\/pages"}],"about":[{"href":"https:\/\/wbv-trebel.wbv-mv.de\/index.php?rest_route=\/wp\/v2\/types\/page"}],"author":[{"embeddable":true,"href":"https:\/\/wbv-trebel.wbv-mv.de\/index.php?rest_route=\/wp\/v2\/users\/2"}],"replies":[{"embeddable":true,"href":"https:\/\/wbv-trebel.wbv-mv.de\/index.php?rest_route=%2Fwp%2Fv2%2Fcomments&post=632"}],"version-history":[{"count":38,"href":"https:\/\/wbv-trebel.wbv-mv.de\/index.php?rest_route=\/wp\/v2\/pages\/632\/revisions"}],"predecessor-version":[{"id":1509,"href":"https:\/\/wbv-trebel.wbv-mv.de\/index.php?rest_route=\/wp\/v2\/pages\/632\/revisions\/1509"}],"wp:attachment":[{"href":"https:\/\/wbv-trebel.wbv-mv.de\/index.php?rest_route=%2Fwp%2Fv2%2Fmedia&parent=632"}],"curies":[{"name":"wp","href":"https:\/\/api.w.org\/{rel}","templated":true}]}}