{"id":71,"date":"2014-06-23T14:32:12","date_gmt":"2014-06-23T12:32:12","guid":{"rendered":"https:\/\/wbv-trebel.wbv-mv.de\/?page_id=71"},"modified":"2026-03-30T11:16:33","modified_gmt":"2026-03-30T09:16:33","slug":"bekanntmachungen","status":"publish","type":"page","link":"https:\/\/wbv-trebel.wbv-mv.de\/?page_id=71","title":{"rendered":"Bekanntmachungen"},"content":{"rendered":"\n<p><\/p>\n\n\n<p><a href=\"https:\/\/wbv-trebel.wbv-mv.de\/wp-content\/uploads\/2014\/07\/Borgstedt.jpg\"><img loading=\"lazy\" decoding=\"async\" class=\"alignnone size-medium wp-image-165\" src=\"https:\/\/wbv-trebel.wbv-mv.de\/wp-content\/uploads\/2014\/07\/Borgstedt-300x225.jpg\" alt=\"Borgstedt\" width=\"300\" height=\"225\" srcset=\"https:\/\/wbv-trebel.wbv-mv.de\/wp-content\/uploads\/2014\/07\/Borgstedt-300x225.jpg 300w, https:\/\/wbv-trebel.wbv-mv.de\/wp-content\/uploads\/2014\/07\/Borgstedt.jpg 800w\" sizes=\"auto, (max-width: 300px) 100vw, 300px\" \/><\/a><\/p>\n\n\n<p class=\"has-medium-font-size\"><\/p>\n\n\n\n<h2 class=\"wp-block-heading alignwide\" id=\"we-re-a-studio-in-berlin-with-an-international-practice-in-architecture-urban-planning-and-interior-design-we-believe-in-sharing-knowledge-and-promoting-dialogue-to-increase-the-creative-potential-of-collaboration\" style=\"font-size:48px;line-height:1.1\">Gew\u00e4sserschau 2026<\/h2>\n\n\n\n<div class=\"wp-block-file\"><a id=\"wp-block-file--media-bd49efb9-4cd5-472e-ad9f-fc8b0f89bce0\" href=\"https:\/\/wbv-trebel.wbv-mv.de\/wp-content\/uploads\/2026\/01\/Anzeige_Veroeffentlichung.pdf\">Anzeige_Ver\u00f6ffentlichung<\/a><a href=\"https:\/\/wbv-trebel.wbv-mv.de\/wp-content\/uploads\/2026\/01\/Anzeige_Veroeffentlichung.pdf\" class=\"wp-block-file__button wp-element-button\" download aria-describedby=\"wp-block-file--media-bd49efb9-4cd5-472e-ad9f-fc8b0f89bce0\">Herunterladen<\/a><\/div>\n\n\n\n<h2 class=\"wp-block-heading has-x-large-font-size\"><\/h2>\n\n\n\n<h2 class=\"wp-block-heading\">Achtung: <\/h2>\n\n\n\n<p><strong>Hiermit weisen wir darauf hin, dass im Rahmen der Gew\u00e4sserunterhaltung im Verbandsgebiet \u00dcberfliegungen mit der Drohne durchgef\u00fchrt werden.<\/strong><\/p>\n\n\n\n<p><\/p>\n\n\n\n<h2 class=\"wp-block-heading\"><\/h2>\n\n\n\n<h2 class=\"wp-block-heading\">Vergabebekanntmachung<\/h2>\n\n\n\n<ol class=\"wp-block-list\">\n<li>Der Wasser- und Bodenverband beabsichtigt, die Krautung der Lose 3 (ca. 85 km) und 6 (ca. 125 km) im M\u00e4rz als beschr\u00e4nkte Ausschreibung ohne Teilnahmewettbewerb f\u00fcr das Jahr 2026 (optional 1 Jahr Verl\u00e4ngereung) auszuschreiben. <\/li>\n\n\n\n<li>Der Wasser- und Bodenverband beabsichtigt, im Rahmen einer Direktvergabe im M\u00e4rz\/April eine Kanalsanierung mittels Schlauchliner in der Ortslage Voigtsdorf auf ca. 640 m durchzuf\u00fchren.<\/li>\n<\/ol>\n\n\n\n<p><\/p>\n\n\n\n<p><\/p>\n\n\n\n<h2 class=\"wp-block-heading\">WBV-Geowebdienst<\/h2>\n\n\n\n<div class=\"wp-block-file\"><a id=\"wp-block-file--media-696e2903-c24b-4ee7-b9dc-efe0ee6d3268\" href=\"https:\/\/wbv-trebel.wbv-mv.de\/wp-content\/uploads\/2022\/05\/Information-WBV-Geowebdienst.pdf\">Information WBV-Geowebdienst<\/a><\/div>\n\n\n\n<p><\/p>\n\n\n\n<p><\/p>\n\n\n\n<h2 class=\"wp-block-heading\">Protokolle Gew\u00e4sserschauen <\/h2>\n\n\n\n<div class=\"wp-block-file\"><a id=\"wp-block-file--media-2df0e1c3-1988-483d-bb4a-6d774b22e459\" href=\"https:\/\/wbv-trebel.wbv-mv.de\/wp-content\/uploads\/2025\/04\/Protokoll-1GS-2025-1.pdf\">2025 &#8211; Protokoll zum Gew\u00e4sserschautag<\/a><\/div>\n\n\n\n<div class=\"wp-block-group\"><div class=\"wp-block-group__inner-container is-layout-flow wp-block-group-is-layout-flow\">\n<div class=\"wp-block-file\"><a id=\"wp-block-file--media-6a121d1a-2536-4c9d-a65a-700929741d73\" href=\"https:\/\/wbv-trebel.wbv-mv.de\/wp-content\/uploads\/2024\/05\/2024-Protokoll-und-Anlage-zum-Gewaesserschautag.pdf\">2024 &#8211; Protokoll und Anlage zum Gew\u00e4sserschautag<\/a><\/div>\n\n\n\n<div class=\"wp-block-file\"><a id=\"wp-block-file--media-d6831583-76a2-4f6f-8461-8091f911563e\" href=\"https:\/\/wbv-trebel.wbv-mv.de\/wp-content\/uploads\/2023\/03\/Protokoll-Gewaesserschau-12023.pdf\">2023 &#8211; Protokoll zum Gew\u00e4sserschautag <\/a><\/div>\n<\/div><\/div>\n\n\n\n<div class=\"wp-block-file\"><a id=\"wp-block-file--media-f81ac64c-06a5-40cf-af14-f7b5dc13581d\" href=\"https:\/\/wbv-trebel.wbv-mv.de\/wp-content\/uploads\/2022\/04\/Protokoll-und-Anlage-Gewaesserschautag-2022.pdf\">2022 &#8211; Protokoll und Anlage zum Gew\u00e4sserschautag <\/a><\/div>\n\n\n\n<p><\/p>\n\n\n\n<p><\/p>\n\n\n\n<p><\/p>\n","protected":false},"excerpt":{"rendered":"<p>Gew\u00e4sserschau 2026 Achtung: Hiermit weisen wir darauf hin, dass im Rahmen der Gew\u00e4sserunterhaltung im Verbandsgebiet \u00dcberfliegungen mit der Drohne durchgef\u00fchrt werden. Vergabebekanntmachung WBV-Geowebdienst Protokolle Gew\u00e4sserschauen<\/p>\n","protected":false},"author":1,"featured_media":0,"parent":0,"menu_order":0,"comment_status":"open","ping_status":"open","template":"","meta":{"footnotes":""},"class_list":["post-71","page","type-page","status-publish","czr-hentry"],"_links":{"self":[{"href":"https:\/\/wbv-trebel.wbv-mv.de\/index.php?rest_route=\/wp\/v2\/pages\/71","targetHints":{"allow":["GET"]}}],"collection":[{"href":"https:\/\/wbv-trebel.wbv-mv.de\/index.php?rest_route=\/wp\/v2\/pages"}],"about":[{"href":"https:\/\/wbv-trebel.wbv-mv.de\/index.php?rest_route=\/wp\/v2\/types\/page"}],"author":[{"embeddable":true,"href":"https:\/\/wbv-trebel.wbv-mv.de\/index.php?rest_route=\/wp\/v2\/users\/1"}],"replies":[{"embeddable":true,"href":"https:\/\/wbv-trebel.wbv-mv.de\/index.php?rest_route=%2Fwp%2Fv2%2Fcomments&post=71"}],"version-history":[{"count":139,"href":"https:\/\/wbv-trebel.wbv-mv.de\/index.php?rest_route=\/wp\/v2\/pages\/71\/revisions"}],"predecessor-version":[{"id":1516,"href":"https:\/\/wbv-trebel.wbv-mv.de\/index.php?rest_route=\/wp\/v2\/pages\/71\/revisions\/1516"}],"wp:attachment":[{"href":"https:\/\/wbv-trebel.wbv-mv.de\/index.php?rest_route=%2Fwp%2Fv2%2Fmedia&parent=71"}],"curies":[{"name":"wp","href":"https:\/\/api.w.org\/{rel}","templated":true}]}}