{"id":9,"date":"2014-06-20T11:13:32","date_gmt":"2014-06-20T09:13:32","guid":{"rendered":"https:\/\/wbv-trebel.wbv-mv.de\/?page_id=9"},"modified":"2018-08-01T10:15:47","modified_gmt":"2018-08-01T08:15:47","slug":"datenschutzerklaerung","status":"publish","type":"page","link":"https:\/\/wbv-trebel.wbv-mv.de\/?page_id=9","title":{"rendered":"Datenschutzerkl\u00e4rung"},"content":{"rendered":"<p>Der Schutz Ihrer pers\u00f6nlichen Daten ist uns ein besonderes Anliegen. Wir verarbeiten Ihre Daten daher ausschlie\u00dflich auf Grundlage der gesetzlichen Bestimmungen (EU-Datenschutzgrundverordnung, Telemediengesetz). In diesen Datenschutzinformationen informieren wir Sie \u00fcber die wichtigsten Aspekte der Datenverarbeitung im Rahmen unserer Website.<\/p>\n<p><strong>Speicherung von Zugriffsdaten<\/strong><\/p>\n<p>Bei jedem Zugriff eines Nutzers auf eine Seite aus dem Angebot des WBV \u201eTrebel\u201c und bei jedem Abruf einer Datei werden Zugriffsdaten \u00fcber diesen Vorgang in einer Protokolldatei auf unserem Server gespeichert.<\/p>\n<p>Jeder Datensatz besteht aus:<\/p>\n<ul>\n<li>der Seite, von der aus die Datei angefordert wurde (sog. Referrer-URL)<\/li>\n<li>dem Namen der Datei<\/li>\n<li>dem Datum und Uhrzeit der Anforderung (sog. &#8222;time stamp&#8220;)<\/li>\n<li>der \u00fcbertragenen Datenmenge<\/li>\n<li>dem Zugriffsstatus (Datei \u00fcbertragen, Datei nicht gefunden etc.)<\/li>\n<li>einer Beschreibung des Typs des verwendeten Internetbetrachtungsprogramms (engl. &#8222;web browser&#8220;, abgek\u00fcrzt &#8222;browser&#8220;; z.B. Microsoft Internetexplorer, Microsoft Edge, Mozilla Firefox, Google Chrome oder Apple Safari, Opera etc.)<\/li>\n<\/ul>\n<p>Die gespeicherten Daten werden ausschlie\u00dflich zu statistischen Zwecken ausgewertet, eine Weitergabe an Dritte, weder zu kommerziellen noch zu nichtkommerziellen Zwecken, findet nicht statt.<\/p>\n<p><strong>Datenl\u00f6schung und Speicherung<\/strong><\/p>\n<p>Ihre personenbezogenen Daten werden gel\u00f6scht oder gesperrt, sobald der Zweck der Speicherung entf\u00e4llt. Eine l\u00e4ngere Speicherung kann dann erfolgen, wenn der L\u00f6schung eine gesetzliche Aufbewahrungsfrist entgegensteht. Eine Weitergabe an Dritte erfolgt nicht.<\/p>\n<p><strong>Google Maps<\/strong><\/p>\n<p>Die Webseite wbv-mv.de verwendet[nbsp]Google Maps[nbsp]API, um geographische Informationen visuell darzustellen. Bei der Nutzung von Google Maps werden von Google auch Daten \u00fcber die Nutzung der Maps-Funktionen durch Besucher der Webseiten erhoben, verarbeitet und genutzt. N\u00e4here Informationen \u00fcber die Datenverarbeitung durch Google k\u00f6nnen Sie den <a href=\"http:\/\/www.google.com\/privacypolicy.html\">Datenschutzhinweisen von Google<\/a> entnehmen. Dort k\u00f6nnen Sie im Datenschutzcenter auch Ihre Einstellungen ver\u00e4ndern, so dass Sie Ihre Daten verwalten und sch\u00fctzen k\u00f6nnen.<\/p>\n<p><a href=\"http:\/\/www.dataliberation.org\/\">Hier finden Sie weitergehende Anleitungen zum Verwalten der eigenen Daten im Zusammenhang mit Google-Produkten.<\/a><\/p>\n<p><strong>Links zu anderen Webseiten<\/strong><\/p>\n<p>Unsere Webseite enth\u00e4lt Links zu anderen Webseiten. Der WBV \u201eTrebel\u201c hat keinen Einfluss darauf, ob deren Betreiber die Datenschutzbestimmungen einhalten. Bitte informieren Sie sich jeweils in den dortigen Datenschutzerkl\u00e4rungen.<\/p>\n<p><strong>Ihre Rechte<\/strong><\/p>\n<p>Ihnen stehen grunds\u00e4tzlich die Rechte auf Auskunft, Berichtigung, L\u00f6schung, Einschr\u00e4nkung, Daten\u00fcbertragbarkeit, Widerruf und Widerspruch zu. Wenn Sie glauben, dass die Verarbeitung Ihrer Daten gegen das Datenschutzrecht verst\u00f6\u00dft oder Ihre datenschutzrechtlichen Anspr\u00fcche sonst in einer Weise verletzt worden sind, k\u00f6nnen Sie sich bei der Aufsichtsbeh\u00f6rde beschweren. In Deutschland sind dies die jeweiligen Landes-Datenschutzbeauftragten.<\/p>\n<p><strong>\u00c4nderungsvorbehalt<\/strong><\/p>\n<p>Der WBV \u201eTrebel\u201c beh\u00e4lt sich das Recht vor, diese Erkl\u00e4rung zum Datenschutz unter Beachtung der rechtlichen Vorgaben jederzeit zu \u00e4ndern.<\/p>\n<p><strong>Datenschutzbeauftragter des WBV \u201eTrebel\u201c<\/strong><\/p>\n<p>Sollten Sie Fragen und Anregungen zur Verarbeitung Ihrer personenbezogenen Daten durch uns haben, sind uns diese sehr willkommen. In diesem Fall erreichen Sie unseren Datenschutzbeauftragten (DSB) wie folgt:<\/p>\n<p><strong>postalisch:<\/strong><\/p>\n<p><strong>Landesverband der Wasser- und Bodenverb\u00e4nde Mecklenburg-Vorpommern<\/strong><strong><br \/>\nDer Datenschutzbeauftragte<br \/>\n<\/strong><strong>Wiener Platz 4<\/strong><br \/>\n<strong>18069 Rostock<\/strong><\/p>\n<p><strong>per E-Mail:<\/strong><strong><br \/>\n<\/strong><a href=\"mailto:datenschutz@wbv-mv.de\">datenschutz@wbv-mv.de<\/a><\/p>\n<p><strong>oder per Fax:<\/strong><strong><br \/>\n0381- 808 79 16<\/strong><\/p>\n<p><strong>Datenschutzverantwortlicher<\/strong><\/p>\n<p><strong>Wasser- und Bodenverband \u201eTrebel\u201c<\/strong><\/p>\n<p><strong>Vertreten durch den Vorstand<\/strong><\/p>\n<p>Beauftragter Ansprechpartner: Gesch\u00e4ftsf\u00fchrer des Verbandes<\/p>\n<p><strong>Stand der Datenschutzerkl\u00e4rung<br \/>\nMai 2018<\/strong><\/p>\n<p>&nbsp;<\/p>\n<p>&nbsp;<\/p>\n<p>&nbsp;<\/p>\n<p>&nbsp;<\/p>\n<p>&nbsp;<\/p>\n","protected":false},"excerpt":{"rendered":"<p>Der Schutz Ihrer pers\u00f6nlichen Daten ist uns ein besonderes Anliegen. Wir verarbeiten Ihre Daten daher ausschlie\u00dflich auf Grundlage der gesetzlichen Bestimmungen (EU-Datenschutzgrundverordnung, Telemediengesetz). In diesen Datenschutzinformationen informieren wir Sie \u00fcber die wichtigsten Aspekte der Datenverarbeitung im Rahmen unserer Website. Speicherung von Zugriffsdaten Bei jedem Zugriff eines Nutzers auf eine Seite aus dem Angebot des WBV [&hellip;]<\/p>\n","protected":false},"author":1,"featured_media":0,"parent":0,"menu_order":0,"comment_status":"open","ping_status":"open","template":"","meta":{"footnotes":""},"class_list":["post-9","page","type-page","status-publish","czr-hentry"],"_links":{"self":[{"href":"https:\/\/wbv-trebel.wbv-mv.de\/index.php?rest_route=\/wp\/v2\/pages\/9","targetHints":{"allow":["GET"]}}],"collection":[{"href":"https:\/\/wbv-trebel.wbv-mv.de\/index.php?rest_route=\/wp\/v2\/pages"}],"about":[{"href":"https:\/\/wbv-trebel.wbv-mv.de\/index.php?rest_route=\/wp\/v2\/types\/page"}],"author":[{"embeddable":true,"href":"https:\/\/wbv-trebel.wbv-mv.de\/index.php?rest_route=\/wp\/v2\/users\/1"}],"replies":[{"embeddable":true,"href":"https:\/\/wbv-trebel.wbv-mv.de\/index.php?rest_route=%2Fwp%2Fv2%2Fcomments&post=9"}],"version-history":[{"count":6,"href":"https:\/\/wbv-trebel.wbv-mv.de\/index.php?rest_route=\/wp\/v2\/pages\/9\/revisions"}],"predecessor-version":[{"id":684,"href":"https:\/\/wbv-trebel.wbv-mv.de\/index.php?rest_route=\/wp\/v2\/pages\/9\/revisions\/684"}],"wp:attachment":[{"href":"https:\/\/wbv-trebel.wbv-mv.de\/index.php?rest_route=%2Fwp%2Fv2%2Fmedia&parent=9"}],"curies":[{"name":"wp","href":"https:\/\/api.w.org\/{rel}","templated":true}]}}