{"id":97,"date":"2014-06-26T14:39:53","date_gmt":"2014-06-26T12:39:53","guid":{"rendered":"https:\/\/wbv-trebel.wbv-mv.de\/?page_id=97"},"modified":"2025-08-08T11:17:10","modified_gmt":"2025-08-08T09:17:10","slug":"verbandsfibel-2","status":"publish","type":"page","link":"https:\/\/wbv-trebel.wbv-mv.de\/?page_id=97","title":{"rendered":"Unsere Verbandsgew\u00e4sser"},"content":{"rendered":"<p>Die Gew\u00e4sser sind in den meisten F\u00e4llen nicht eingemessen. Eine Digitalisierung erfolgte aufgrund alter Bestandskarten und Luftbilder. Die Darstellung auf den Karten dient lediglich der \u00dcbersicht. Das Gew\u00e4sserkataster wird fortlaufend ge\u00e4ndert und korrigiert.<\/p>\n<p>Die kartenm\u00e4\u00dfige Darstellung der gem\u00e4\u00df GUVG festgelegten Gew\u00e4ssereinzugsgebiete und damit der <strong>Grenzverlauf des Verbandes<\/strong> ist im Kartenportal des Landesamtes f\u00fcr Umwelt, Naturschutz und Geologie (LUNG) unter : <strong>https:\/\/www.umweltkarten.mv-regierung.de<\/strong> einzusehen.<\/p>\n<p>Stand: Juli 2025<\/p>\n<p>\u00dcbersicht Verbandsgebiet und Schaubezirke<\/p>\n\n\n<div class=\"wp-block-file\"><a href=\"https:\/\/wbv-trebel.wbv-mv.de\/wp-content\/uploads\/2023\/01\/Uebersichtskarte.pdf\">\u00dcbersichtskarte<\/a><\/div>\n\n\n\n<div class=\"wp-block-file\"><a id=\"wp-block-file--media-5f7cfa6b-54ca-4404-9e1b-43d73a3bbaa4\" href=\"https:\/\/wbv-trebel.wbv-mv.de\/wp-content\/uploads\/2025\/08\/SB-1.pdf\">Schaubezirk 1<\/a><\/div>\n\n\n\n<div class=\"wp-block-file\"><a id=\"wp-block-file--media-29ec2395-973f-4600-a9e7-edef36f26764\" href=\"https:\/\/wbv-trebel.wbv-mv.de\/wp-content\/uploads\/2025\/08\/SB-2.pdf\">Schaubezirk 2<\/a><\/div>\n\n\n\n<div class=\"wp-block-file\"><a id=\"wp-block-file--media-ea0299f8-72b6-45cc-90de-96c0d2f1690d\" href=\"https:\/\/wbv-trebel.wbv-mv.de\/wp-content\/uploads\/2025\/08\/SB-3.pdf\">Schaubezirk 3<\/a><\/div>\n\n\n\n<div class=\"wp-block-file\"><a id=\"wp-block-file--media-86170bed-7d4d-4061-83d8-909a28961534\" href=\"https:\/\/wbv-trebel.wbv-mv.de\/wp-content\/uploads\/2025\/08\/SB-4.pdf\">Schaubezirk 4<\/a><\/div>\n\n\n\n<div class=\"wp-block-file\"><a id=\"wp-block-file--media-d03c8bd2-5bf1-472d-a107-93db782aa82a\" href=\"https:\/\/wbv-trebel.wbv-mv.de\/wp-content\/uploads\/2025\/08\/SB-5.pdf\">Schaubezirk 5<\/a><\/div>\n\n\n\n<div class=\"wp-block-file\"><a id=\"wp-block-file--media-984aff34-2b43-4959-8956-540a851ebdd8\" href=\"https:\/\/wbv-trebel.wbv-mv.de\/wp-content\/uploads\/2025\/08\/SB-6.pdf\">Schaubezirk 6<\/a><\/div>\n\n\n\n<div class=\"wp-block-file\"><a id=\"wp-block-file--media-164c8f1d-5547-4540-8d64-60e9e85d411c\" href=\"https:\/\/wbv-trebel.wbv-mv.de\/wp-content\/uploads\/2025\/08\/SB-7.pdf\">Schaubezirk 7<\/a><\/div>\n\n\n\n<p><\/p>\n","protected":false},"excerpt":{"rendered":"<p>Die Gew\u00e4sser sind in den meisten F\u00e4llen nicht eingemessen. Eine Digitalisierung erfolgte aufgrund alter Bestandskarten und Luftbilder. Die Darstellung auf den Karten dient lediglich der \u00dcbersicht. Das Gew\u00e4sserkataster wird fortlaufend ge\u00e4ndert und korrigiert. Die kartenm\u00e4\u00dfige Darstellung der gem\u00e4\u00df GUVG festgelegten Gew\u00e4ssereinzugsgebiete und damit der Grenzverlauf des Verbandes ist im Kartenportal des Landesamtes f\u00fcr Umwelt, Naturschutz [&hellip;]<\/p>\n","protected":false},"author":2,"featured_media":0,"parent":0,"menu_order":0,"comment_status":"closed","ping_status":"closed","template":"","meta":{"footnotes":""},"class_list":["post-97","page","type-page","status-publish","czr-hentry"],"_links":{"self":[{"href":"https:\/\/wbv-trebel.wbv-mv.de\/index.php?rest_route=\/wp\/v2\/pages\/97","targetHints":{"allow":["GET"]}}],"collection":[{"href":"https:\/\/wbv-trebel.wbv-mv.de\/index.php?rest_route=\/wp\/v2\/pages"}],"about":[{"href":"https:\/\/wbv-trebel.wbv-mv.de\/index.php?rest_route=\/wp\/v2\/types\/page"}],"author":[{"embeddable":true,"href":"https:\/\/wbv-trebel.wbv-mv.de\/index.php?rest_route=\/wp\/v2\/users\/2"}],"replies":[{"embeddable":true,"href":"https:\/\/wbv-trebel.wbv-mv.de\/index.php?rest_route=%2Fwp%2Fv2%2Fcomments&post=97"}],"version-history":[{"count":121,"href":"https:\/\/wbv-trebel.wbv-mv.de\/index.php?rest_route=\/wp\/v2\/pages\/97\/revisions"}],"predecessor-version":[{"id":1451,"href":"https:\/\/wbv-trebel.wbv-mv.de\/index.php?rest_route=\/wp\/v2\/pages\/97\/revisions\/1451"}],"wp:attachment":[{"href":"https:\/\/wbv-trebel.wbv-mv.de\/index.php?rest_route=%2Fwp%2Fv2%2Fmedia&parent=97"}],"curies":[{"name":"wp","href":"https:\/\/api.w.org\/{rel}","templated":true}]}}